{"id":136,"date":"2023-03-14T21:33:56","date_gmt":"2023-03-14T21:33:56","guid":{"rendered":"http:\/\/localhost:8888\/?page_id=136"},"modified":"2023-04-04T21:51:39","modified_gmt":"2023-04-04T21:51:39","slug":"services","status":"publish","type":"page","link":"https:\/\/stb-klein-b\u00f6lting.de\/?page_id=136","title":{"rendered":"Dienstleistungen"},"content":{"rendered":"\n<div class=\"wp-block-kenta-blocks-cover alignfull kb-cover-66cfe183 kb-cover kb-cover-has-overlay\"><div class=\"kb-cover-inner-container\">\n<div class=\"wp-block-kenta-blocks-spacer kb-spacer-735a13a1 kb-spacer\" aria-hidden=\"true\"><\/div>\n\n\n\n<div class=\"wp-block-kenta-blocks-spacer kb-spacer-3176aaea kb-spacer\" aria-hidden=\"true\"><\/div>\n\n\n\n<div class=\"wp-block-kenta-blocks-heading kb-heading kb-heading-h1 kb-heading-9dbf388e kenta-scroll-reveal\"><h1>dienstleistungen<\/h1><\/div>\n\n\n\n<div class=\"wp-block-kenta-blocks-spacer kb-spacer-6bedc7c4 kb-spacer\" aria-hidden=\"true\"><\/div>\n\n\n\n<div class=\"wp-block-kenta-blocks-spacer kb-spacer-84d1eda8 kb-spacer\" aria-hidden=\"true\"><\/div>\n<\/div><\/div>\n\n\n\n<div class=\"wp-block-kenta-blocks-spacer kb-spacer-2a68b37d kb-spacer\" aria-hidden=\"true\"><\/div>\n\n\n\n<div class=\"wp-block-kenta-blocks-section alignwide kb-section-f58d40a8 kb-section\">\n<div class=\"wp-block-kenta-blocks-column kb-column-wrapper kb-column-wrapper-b1d961bc kenta-scroll-reveal\"><div class=\"kb-column kb-column-b1d961bc\"><div class=\"kb-column-content\">\n<div class=\"wp-block-kenta-blocks-heading kb-heading kb-heading-h3 kb-heading-0d297f98\"><h3>Finanzbuchhaltung<\/h3><\/div>\n\n\n\n<div class=\"wp-block-kenta-blocks-paragraph kb-paragraph kb-paragraph-87511fd1\"><p>Laufende Buchhaltung einschlie\u00dflich:<\/p><\/div>\n\n\n\n<ul class=\"has-kenta-accent-color has-text-color\">\n<li>Offene-Posten-Buchhaltung (\u00dcbersicht der offenen Rechnungen)<\/li>\n\n\n\n<li>Anlagenbuchhaltung<\/li>\n\n\n\n<li>\u00dcbermittlung der Umsatzsteuer-Voranmeldungen sowie dazugeh\u00f6rige Meldungen<\/li>\n\n\n\n<li>Pr\u00fcfung und Begleitung von selbst erstellten Buchf\u00fchrungen<\/li>\n<\/ul>\n<\/div><\/div><\/div>\n\n\n\n<div class=\"wp-block-kenta-blocks-column kb-column-wrapper kb-column-wrapper-3a6608f2 kenta-scroll-reveal\"><div class=\"kb-column kb-column-3a6608f2\"><div class=\"kb-column-content\">\n<div class=\"wp-block-kenta-blocks-heading kb-heading kb-heading-h3 kb-heading-24c5f24b\"><h3>Jahresabschl\u00fcsse und Gewinnermittlungen<\/h3><\/div>\n\n\n\n<ul>\n<li>Handels- und Steuerbilanzen und Gewinnermittlungen nach \u00a7 4 (1) EStG<\/li>\n\n\n\n<li>Einnahmen-\u00dcberschuss-Rechnungen (Gewinnermittlungen nach \u00a7 4 (3) EStG)<\/li>\n\n\n\n<li>Bilanzen und Gewinnermittlungen zu besonderen Anl\u00e4ssen (Betriebser\u00f6ffnung, -schlie\u00dfung, Wechsel der Gewinnermittlungsart etc.)<\/li>\n\n\n\n<li>Dazugeh\u00f6rige Meldungen und elektronische \u00dcbermittlungen (Offenlegung\/Hinterlegung Bundesanzeiger, E-Bilanz Finanzamt)<\/li>\n<\/ul>\n<\/div><\/div><\/div>\n\n\n\n<div class=\"wp-block-kenta-blocks-column kb-column-wrapper kb-column-wrapper-2f8ac0c3 kenta-scroll-reveal\"><div class=\"kb-column kb-column-2f8ac0c3\"><div class=\"kb-column-content\">\n<div class=\"wp-block-kenta-blocks-heading kb-heading kb-heading-h3 kb-heading-41df7c70\"><h3>Betriebliche Steuererkl\u00e4rungen<\/h3><\/div>\n\n\n\n<ul>\n<li>K\u00f6rperschaftsteuer-Erkl\u00e4rungen<\/li>\n\n\n\n<li>Gewerbesteuer-Erkl\u00e4rungen<\/li>\n\n\n\n<li>Umsatzsteuer-Erkl\u00e4rungen<\/li>\n\n\n\n<li>Erkl\u00e4rungen zur gesonderten (und einheitlichen) Feststellung<\/li>\n\n\n\n<li>Erkl\u00e4rungen zur Feststellung des Grundsteuerwerts<\/li>\n\n\n\n<li>Beratung zur Steueroptimierung<\/li>\n\n\n\n<li>Vorausberechnungen und Kalkulationen zur Steuerbelastung<\/li>\n<\/ul>\n<\/div><\/div><\/div>\n\n\n\n<div class=\"wp-block-kenta-blocks-column kb-column-wrapper kb-column-wrapper-6b4e5846 kenta-scroll-reveal\"><div class=\"kb-column kb-column-6b4e5846\"><div class=\"kb-column-content\">\n<div class=\"wp-block-kenta-blocks-heading kb-heading kb-heading-h3 kb-heading-3f5cf280\"><h3>Lohnabrechnung<\/h3><\/div>\n\n\n\n<ul>\n<li>Monatliche Lohnabrechnungen der Mitarbeiter<\/li>\n\n\n\n<li>Besonderheiten Besch\u00e4ftigungsverh\u00e4ltnisse (sozialversicherungspflichtige Besch\u00e4ftigung, geringf\u00fcgige Besch\u00e4ftigung, Midijob etc.)<\/li>\n\n\n\n<li>Dazugeh\u00f6rige Meldungen und elektronische \u00dcbermittlungen (Krankenkassen, Finanzamt, Agentur f\u00fcr Arbeit, Berufsgenossenschaft etc.)<\/li>\n\n\n\n<li>Automatisierung der Zahlungsvorg\u00e4nge durch Schnittstellen zum Lohnprogramm (Dateien zur Freigabe im Online Banking)<\/li>\n<\/ul>\n<\/div><\/div><\/div>\n\n\n\n<div class=\"wp-block-kenta-blocks-column kb-column-wrapper kb-column-wrapper-233d27a0 kenta-scroll-reveal\"><div class=\"kb-column kb-column-233d27a0\"><div class=\"kb-column-content\">\n<div class=\"wp-block-kenta-blocks-heading kb-heading kb-heading-h3 kb-heading-891aa647\"><h3>Private Einkommensteuererkl\u00e4rungen<\/h3><\/div>\n\n\n\n<ul>\n<li>Einkommensteuererkl\u00e4rungen f\u00fcr alle Einkunftsarten&nbsp;<\/li>\n\n\n\n<li>Erkl\u00e4rungen zur Feststellung des Grundsteuerwerts<\/li>\n\n\n\n<li>Beratung zur Steueroptimierung<\/li>\n\n\n\n<li>Vorausberechnungen und Kalkulationen zur Steuerbelastung<\/li>\n<\/ul>\n<\/div><\/div><\/div>\n\n\n\n<div class=\"wp-block-kenta-blocks-column kb-column-wrapper kb-column-wrapper-c9c5dd10 kenta-scroll-reveal\"><div class=\"kb-column kb-column-c9c5dd10\"><div class=\"kb-column-content\">\n<div class=\"wp-block-kenta-blocks-heading kb-heading kb-heading-h3 kb-heading-27f09558\"><h3>Betriebswirtschaftliche Beratung und Spezialisierung<\/h3><\/div>\n\n\n\n<ul>\n<li>Laufende betriebswirtschaftliche Beratung<\/li>\n\n\n\n<li>Planung und Kalkulationen aus besonderem Anlass (Unternehmensgr\u00fcndung, Investitionen etc.)<\/li>\n\n\n\n<li>Beratung zur optimalen Gesellschaftsform bei Gr\u00fcndung (steuerliche und wirtschaftliche Unterschiede)<\/li>\n\n\n\n<li>Begleitung in der Gr\u00fcndungsphase und Hilfestellung bei s\u00e4mtlichen Antr\u00e4gen und Anmeldungen des Unternehmens<\/li>\n\n\n\n<li>Branchenspezifische Beratung und Besonderheiten bei Pflegeeinrichtungen und Immobilien<\/li>\n<\/ul>\n<\/div><\/div><\/div>\n<\/div>\n\n\n\n<div class=\"wp-block-kenta-blocks-spacer kb-spacer-7172db85 kb-spacer\" aria-hidden=\"true\"><\/div>\n","protected":false},"excerpt":{"rendered":"","protected":false},"author":1,"featured_media":0,"parent":0,"menu_order":0,"comment_status":"closed","ping_status":"closed","template":"","meta":{"site-container-style":"boxed","site-container-layout":"normal","site-sidebar-layout":"no-sidebar","site-transparent-header":"disable","disable-article-header":"yes","disable-site-header":"default","disable-site-footer":"default","disable-content-area-spacing":"yes"},"_links":{"self":[{"href":"https:\/\/stb-klein-b\u00f6lting.de\/index.php?rest_route=\/wp\/v2\/pages\/136"}],"collection":[{"href":"https:\/\/stb-klein-b\u00f6lting.de\/index.php?rest_route=\/wp\/v2\/pages"}],"about":[{"href":"https:\/\/stb-klein-b\u00f6lting.de\/index.php?rest_route=\/wp\/v2\/types\/page"}],"author":[{"embeddable":true,"href":"https:\/\/stb-klein-b\u00f6lting.de\/index.php?rest_route=\/wp\/v2\/users\/1"}],"replies":[{"embeddable":true,"href":"https:\/\/stb-klein-b\u00f6lting.de\/index.php?rest_route=%2Fwp%2Fv2%2Fcomments&post=136"}],"version-history":[{"count":55,"href":"https:\/\/stb-klein-b\u00f6lting.de\/index.php?rest_route=\/wp\/v2\/pages\/136\/revisions"}],"predecessor-version":[{"id":585,"href":"https:\/\/stb-klein-b\u00f6lting.de\/index.php?rest_route=\/wp\/v2\/pages\/136\/revisions\/585"}],"wp:attachment":[{"href":"https:\/\/stb-klein-b\u00f6lting.de\/index.php?rest_route=%2Fwp%2Fv2%2Fmedia&parent=136"}],"curies":[{"name":"wp","href":"https:\/\/api.w.org\/{rel}","templated":true}]}}