{"id":10,"date":"2022-10-19T02:45:15","date_gmt":"2022-10-19T02:45:15","guid":{"rendered":"http:\/\/localhost:8888\/?page_id=5"},"modified":"2023-04-04T21:55:44","modified_gmt":"2023-04-04T21:55:44","slug":"home","status":"publish","type":"page","link":"https:\/\/stb-klein-b\u00f6lting.de\/","title":{"rendered":"Startseite"},"content":{"rendered":"\n<div class=\"wp-block-kenta-blocks-cover alignfull kb-cover-e9f74b4e kb-cover kb-cover-has-overlay\"><div class=\"kb-cover-inner-container\">\n<div class=\"wp-block-kenta-blocks-spacer kb-spacer-de1620cf kb-spacer\" aria-hidden=\"true\"><\/div>\n\n\n\n<div class=\"wp-block-kenta-blocks-spacer kb-spacer-09eefadd kb-spacer\" aria-hidden=\"true\"><\/div>\n<\/div><\/div>\n\n\n\n<div class=\"wp-block-kenta-blocks-section alignwide kb-section-97590555 kb-section\">\n<div class=\"wp-block-kenta-blocks-column kb-column-wrapper kb-column-wrapper-001d2e1a kenta-scroll-reveal\"><div class=\"kb-column kb-column-001d2e1a\"><div class=\"kb-column-content\">\n<figure class=\"wp-block-image aligncenter size-full is-resized\"><img decoding=\"async\" loading=\"lazy\" src=\"https:\/\/stb-klein-b\u00f6lting.de\/wp-content\/uploads\/2023\/03\/icon_beratung-2.png\" alt=\"\" class=\"wp-image-326\" width=\"157\" height=\"188\" srcset=\"https:\/\/stb-klein-b\u00f6lting.de\/wp-content\/uploads\/2023\/03\/icon_beratung-2.png 314w, https:\/\/stb-klein-b\u00f6lting.de\/wp-content\/uploads\/2023\/03\/icon_beratung-2-251x300.png 251w\" sizes=\"(max-width: 157px) 100vw, 157px\" \/><\/figure>\n\n\n\n<div class=\"wp-block-kenta-blocks-heading kb-heading kb-heading-h4 kb-heading-1180a7b4\"><h4>Mit Plan zum Ziel<\/h4><\/div>\n<\/div><\/div><\/div>\n\n\n\n<div class=\"wp-block-kenta-blocks-column kb-column-wrapper kb-column-wrapper-2deefbfc kenta-scroll-reveal\"><div class=\"kb-column kb-column-2deefbfc\"><div class=\"kb-column-content\">\n<figure class=\"wp-block-image aligncenter size-full is-resized\"><img decoding=\"async\" loading=\"lazy\" src=\"https:\/\/stb-klein-b\u00f6lting.de\/wp-content\/uploads\/2023\/03\/icon_pflegeeinrichtungen.png\" alt=\"\" class=\"wp-image-321\" width=\"156\" height=\"187\" srcset=\"https:\/\/stb-klein-b\u00f6lting.de\/wp-content\/uploads\/2023\/03\/icon_pflegeeinrichtungen.png 312w, https:\/\/stb-klein-b\u00f6lting.de\/wp-content\/uploads\/2023\/03\/icon_pflegeeinrichtungen-250x300.png 250w\" sizes=\"(max-width: 156px) 100vw, 156px\" \/><\/figure>\n\n\n\n<div class=\"wp-block-kenta-blocks-heading kb-heading kb-heading-h4 kb-heading-aacadab9\"><h4>Spezialberatung f\u00fcr Pflegeeinrichtungen<\/h4><\/div>\n<\/div><\/div><\/div>\n\n\n\n<div class=\"wp-block-kenta-blocks-column kb-column-wrapper kb-column-wrapper-359d82e6 kenta-scroll-reveal\"><div class=\"kb-column kb-column-359d82e6\"><div class=\"kb-column-content\">\n<figure class=\"wp-block-image aligncenter size-full is-resized\"><img decoding=\"async\" loading=\"lazy\" src=\"https:\/\/stb-klein-b\u00f6lting.de\/wp-content\/uploads\/2023\/03\/icon_immobilien-1.png\" alt=\"\" class=\"wp-image-327\" width=\"174\" height=\"187\"\/><\/figure>\n\n\n\n<div class=\"wp-block-kenta-blocks-heading kb-heading kb-heading-h4 kb-heading-ab18bcf7\"><h4>Spezialberatung f\u00fcr Immobilien<\/h4><\/div>\n<\/div><\/div><\/div>\n<\/div>\n\n\n\n<div class=\"wp-block-kenta-blocks-heading kb-heading kb-heading-h2 kb-heading-d7f3f575 kenta-scroll-reveal\"><h2>Gut beraten geht&#8217;s leichter!<\/h2><\/div>\n\n\n\n<div class=\"wp-block-kenta-blocks-paragraph kb-paragraph kb-paragraph-9b49ac9c kenta-scroll-reveal\"><p>Beratung f\u00fcr Unternehmen und Privatpersonen<\/p><\/div>\n\n\n\n<div class=\"wp-block-kenta-blocks-section kb-section-b1e3e286 kb-section\">\n<div class=\"wp-block-kenta-blocks-column kb-column-wrapper kb-column-wrapper-1a225b4f kenta-scroll-reveal\"><div class=\"kb-column kb-column-1a225b4f\"><div class=\"kb-column-content\">\n<figure class=\"wp-block-image aligncenter size-large\"><img decoding=\"async\" loading=\"lazy\" width=\"1024\" height=\"683\" src=\"https:\/\/stb-klein-b\u00f6lting.de\/wp-content\/uploads\/2023\/03\/aktive_beratung-1024x683.jpg\" alt=\"\" class=\"wp-image-242\" srcset=\"https:\/\/stb-klein-b\u00f6lting.de\/wp-content\/uploads\/2023\/03\/aktive_beratung-1024x683.jpg 1024w, https:\/\/stb-klein-b\u00f6lting.de\/wp-content\/uploads\/2023\/03\/aktive_beratung-300x200.jpg 300w, https:\/\/stb-klein-b\u00f6lting.de\/wp-content\/uploads\/2023\/03\/aktive_beratung-768x512.jpg 768w, https:\/\/stb-klein-b\u00f6lting.de\/wp-content\/uploads\/2023\/03\/aktive_beratung-1536x1024.jpg 1536w, https:\/\/stb-klein-b\u00f6lting.de\/wp-content\/uploads\/2023\/03\/aktive_beratung-2048x1365.jpg 2048w\" sizes=\"(max-width: 1024px) 100vw, 1024px\" \/><\/figure>\n\n\n\n<div class=\"wp-block-kenta-blocks-heading kb-heading kb-heading-h4 kb-heading-9ac80262\"><h4>Aktive Beratung und Strategien f\u00fcr Unternehmen<\/h4><\/div>\n\n\n\n<div class=\"wp-block-kenta-blocks-paragraph kb-paragraph kb-paragraph-2bffa348\"><p>Mit einer kontinuierlichen \u00dcberwachung der wirtschaftlichen Situation Ihres Unternehmens erhalten Sie fortlaufende Informationen \u00fcber m\u00f6gliche Risiken und neue Chancen, damit Sie auf aktuelle Marktentwicklungen fr\u00fchzeitig reagieren k\u00f6nnen.<\/p><\/div>\n<\/div><\/div><\/div>\n\n\n\n<div class=\"wp-block-kenta-blocks-column kb-column-wrapper kb-column-wrapper-cccccfa1 kenta-scroll-reveal\"><div class=\"kb-column kb-column-cccccfa1\"><div class=\"kb-column-content\">\n<figure class=\"wp-block-image aligncenter size-large\"><img decoding=\"async\" loading=\"lazy\" width=\"1024\" height=\"684\" src=\"https:\/\/stb-klein-b\u00f6lting.de\/wp-content\/uploads\/2023\/03\/steuertipps-1024x684.jpg\" alt=\"\" class=\"wp-image-245\" srcset=\"https:\/\/stb-klein-b\u00f6lting.de\/wp-content\/uploads\/2023\/03\/steuertipps-1024x684.jpg 1024w, https:\/\/stb-klein-b\u00f6lting.de\/wp-content\/uploads\/2023\/03\/steuertipps-300x200.jpg 300w, https:\/\/stb-klein-b\u00f6lting.de\/wp-content\/uploads\/2023\/03\/steuertipps-768x513.jpg 768w, https:\/\/stb-klein-b\u00f6lting.de\/wp-content\/uploads\/2023\/03\/steuertipps-1536x1025.jpg 1536w, https:\/\/stb-klein-b\u00f6lting.de\/wp-content\/uploads\/2023\/03\/steuertipps-2048x1367.jpg 2048w\" sizes=\"(max-width: 1024px) 100vw, 1024px\" \/><\/figure>\n\n\n\n<div class=\"wp-block-kenta-blocks-heading kb-heading kb-heading-h4 kb-heading-b275990d\"><h4>Steuertipps<\/h4><\/div>\n\n\n\n<div class=\"wp-block-kenta-blocks-paragraph kb-paragraph kb-paragraph-03442973\"><p>Ob Unternehmer oder Privatperson, nutzen Sie Steuerersparnisse durch optimale Gestaltungsm\u00f6glichkeiten, z.B. Ausnutzung m\u00f6glicher Freibetr\u00e4ge oder Verteilung von Steuerlasten \u00fcber mehrere Jahre. Lassen Sie sich noch heute aktiv beraten. Die Erstberatung ist kostenfrei und unverbindlich.<\/p><\/div>\n<\/div><\/div><\/div>\n\n\n\n<div class=\"wp-block-kenta-blocks-column kb-column-wrapper kb-column-wrapper-b41be88a kenta-scroll-reveal\"><div class=\"kb-column kb-column-b41be88a\"><div class=\"kb-column-content\">\n<figure class=\"wp-block-image aligncenter size-large\"><img decoding=\"async\" loading=\"lazy\" width=\"1024\" height=\"690\" src=\"https:\/\/stb-klein-b\u00f6lting.de\/wp-content\/uploads\/2023\/03\/individuelle_konzepte-1024x690.jpg\" alt=\"\" class=\"wp-image-246\" srcset=\"https:\/\/stb-klein-b\u00f6lting.de\/wp-content\/uploads\/2023\/03\/individuelle_konzepte-1024x690.jpg 1024w, https:\/\/stb-klein-b\u00f6lting.de\/wp-content\/uploads\/2023\/03\/individuelle_konzepte-300x202.jpg 300w, https:\/\/stb-klein-b\u00f6lting.de\/wp-content\/uploads\/2023\/03\/individuelle_konzepte-768x517.jpg 768w, https:\/\/stb-klein-b\u00f6lting.de\/wp-content\/uploads\/2023\/03\/individuelle_konzepte-1536x1034.jpg 1536w, https:\/\/stb-klein-b\u00f6lting.de\/wp-content\/uploads\/2023\/03\/individuelle_konzepte-2048x1379.jpg 2048w\" sizes=\"(max-width: 1024px) 100vw, 1024px\" \/><\/figure>\n\n\n\n<div class=\"wp-block-kenta-blocks-heading kb-heading kb-heading-h4 kb-heading-f5153b55\"><h4>Individuelle Konzepte<\/h4><\/div>\n\n\n\n<div class=\"wp-block-kenta-blocks-paragraph kb-paragraph kb-paragraph-9594ee54\"><p>M\u00f6chten Sie ein Unternehmen gr\u00fcnden und suchen noch nach der optimalen Rechtsform? M\u00f6chten Sie entspannt Ihren Lebensabend genie\u00dfen und bereits jetzt Ihr Verm\u00f6gen steueroptimal an Ihre Nachfolger \u00fcbertragen? Wo m\u00f6chten Sie stehen, in 5, 10 oder 20 Jahren?<br>Durch gemeinsam mit den Mandanten entwickelte Konzepte und ma\u00dfgeschneiderte L\u00f6sungen liegt der Fokus auf Ihnen als Person und Ihren individuellen Zielen.<\/p><\/div>\n<\/div><\/div><\/div>\n<\/div>\n\n\n\n<div class=\"wp-block-kenta-blocks-spacer kb-spacer-7d8111b8 kb-spacer\" aria-hidden=\"true\"><\/div>\n\n\n\n<div class=\"wp-block-kenta-blocks-cover alignfull kb-cover-17353cb7 kb-cover kb-cover-has-overlay\"><div class=\"kb-cover-inner-container\">\n<div class=\"wp-block-media-text alignwide is-stacked-on-mobile\"><figure class=\"wp-block-media-text__media\"><img decoding=\"async\" loading=\"lazy\" width=\"800\" height=\"534\" src=\"http:\/\/xn--stb-klein-blting-wwb.de\/wp-content\/uploads\/2022\/10\/board-brainstorm-brainstorming-business-company-coworking-1569659-pxhere.com_.jpg\" alt=\"\" class=\"wp-image-144 size-full\" srcset=\"https:\/\/stb-klein-b\u00f6lting.de\/wp-content\/uploads\/2022\/10\/board-brainstorm-brainstorming-business-company-coworking-1569659-pxhere.com_.jpg 800w, https:\/\/stb-klein-b\u00f6lting.de\/wp-content\/uploads\/2022\/10\/board-brainstorm-brainstorming-business-company-coworking-1569659-pxhere.com_-300x200.jpg 300w, https:\/\/stb-klein-b\u00f6lting.de\/wp-content\/uploads\/2022\/10\/board-brainstorm-brainstorming-business-company-coworking-1569659-pxhere.com_-768x513.jpg 768w\" sizes=\"(max-width: 800px) 100vw, 800px\" \/><\/figure><div class=\"wp-block-media-text__content\">\n<div class=\"wp-block-kenta-blocks-heading kb-heading kb-heading-h2 kb-heading-30752ce7 kenta-scroll-reveal\"><h2>Erh\u00f6hen Sie die Produktivit\u00e4t Ihres Unternehmens durch strukturierte Arbeitsabl\u00e4ufe<\/h2><\/div>\n\n\n\n<div class=\"wp-block-kenta-blocks-paragraph kb-paragraph kb-paragraph-b423bf3a kenta-scroll-reveal\"><p>Mehr Freude am Arbeiten durch Transparenz und klare Strukturen in Ihrem Team!<br>&nbsp;<\/p><\/div>\n\n\n\n<div class=\"wp-block-kenta-blocks-buttons kb-buttons kb-buttons-dc2dccfe\"><\/div>\n<\/div><\/div>\n<\/div><\/div>\n","protected":false},"excerpt":{"rendered":"","protected":false},"author":1,"featured_media":0,"parent":0,"menu_order":0,"comment_status":"closed","ping_status":"closed","template":"","meta":{"site-container-style":"boxed","site-container-layout":"normal","site-sidebar-layout":"no-sidebar","site-transparent-header":"disable","disable-article-header":"yes","disable-site-header":"default","disable-site-footer":"default","disable-content-area-spacing":"yes"},"_links":{"self":[{"href":"https:\/\/stb-klein-b\u00f6lting.de\/index.php?rest_route=\/wp\/v2\/pages\/10"}],"collection":[{"href":"https:\/\/stb-klein-b\u00f6lting.de\/index.php?rest_route=\/wp\/v2\/pages"}],"about":[{"href":"https:\/\/stb-klein-b\u00f6lting.de\/index.php?rest_route=\/wp\/v2\/types\/page"}],"author":[{"embeddable":true,"href":"https:\/\/stb-klein-b\u00f6lting.de\/index.php?rest_route=\/wp\/v2\/users\/1"}],"replies":[{"embeddable":true,"href":"https:\/\/stb-klein-b\u00f6lting.de\/index.php?rest_route=%2Fwp%2Fv2%2Fcomments&post=10"}],"version-history":[{"count":52,"href":"https:\/\/stb-klein-b\u00f6lting.de\/index.php?rest_route=\/wp\/v2\/pages\/10\/revisions"}],"predecessor-version":[{"id":593,"href":"https:\/\/stb-klein-b\u00f6lting.de\/index.php?rest_route=\/wp\/v2\/pages\/10\/revisions\/593"}],"wp:attachment":[{"href":"https:\/\/stb-klein-b\u00f6lting.de\/index.php?rest_route=%2Fwp%2Fv2%2Fmedia&parent=10"}],"curies":[{"name":"wp","href":"https:\/\/api.w.org\/{rel}","templated":true}]}}